{"id":7,"date":"2020-03-12T15:16:43","date_gmt":"2020-03-12T14:16:43","guid":{"rendered":"http:\/\/lesoeils.fr\/?page_id=7"},"modified":"2025-11-28T04:23:04","modified_gmt":"2025-11-28T03:23:04","slug":"actualites","status":"publish","type":"page","link":"http:\/\/lesoeils.fr\/en\/","title":{"rendered":"actualit\u00e9s"},"content":{"rendered":"<style>.kb-row-layout-wrap.wp-block-kadence-rowlayout.kb-row-layout-id7_94193d-d7{margin-top:0px;}.kb-row-layout-id7_94193d-d7 > .kt-row-column-wrap{align-content:center;}:where(.kb-row-layout-id7_94193d-d7 > .kt-row-column-wrap) > .wp-block-kadence-column{justify-content:center;}.kb-row-layout-id7_94193d-d7 > .kt-row-column-wrap{column-gap:var(--global-kb-gap-md, 2rem);row-gap:var(--global-kb-gap-md, 2rem);max-width:100vw;margin-left:auto;margin-right:auto;padding-top:0%;padding-right:0%;padding-bottom:0%;padding-left:0%;min-height:100vh;grid-template-columns:minmax(0, 1fr);}.kb-row-layout-id7_94193d-d7{background-image:url('http:\/\/lesoeils.fr\/wp-content\/uploads\/2020\/04\/49771532_2547405788608144_6332929643024220160_o.jpg');background-size:cover;background-position:center center;background-attachment:fixed;background-repeat:no-repeat;}.kb-row-layout-id7_94193d-d7 > .kt-row-layout-overlay{opacity:0.30;background:radial-gradient(ellipse at center center, #000000 20%, rgba(0, 0, 0, 0) 100%);mix-blend-mode:multiply;}.kb-row-layout-id7_94193d-d7 .kt-row-layout-bottom-sep{height:100px;}.kb-row-layout-id7_94193d-d7 .kt-row-layout-bottom-sep svg{width:100%;}.kb-row-layout-id7_94193d-d7 .kt-row-layout-bottom-sep svg{fill:#ffffff!important;}@media all and (max-width: 1024px), only screen and (min-device-width: 1024px) and (max-device-width: 1366px) and (-webkit-min-device-pixel-ratio: 2) and (hover: none){.kb-row-layout-id7_94193d-d7{background-attachment:scroll;}}@media all and (max-width: 1024px){.kb-row-layout-id7_94193d-d7 > .kt-row-column-wrap{grid-template-columns:minmax(0, 1fr);}}@media all and (max-width: 1024px){.kb-row-layout-id7_94193d-d7 .kt-row-layout-bottom-sep{height:px;}}@media all and (max-width: 1024px){.kb-row-layout-id7_94193d-d7 .kt-row-layout-bottom-sep svg{width:%;}}@media all and (max-width: 767px){.kb-row-layout-id7_94193d-d7 > .kt-row-column-wrap{grid-template-columns:minmax(0, 1fr);}.kb-row-layout-id7_94193d-d7 .kt-row-layout-bottom-sep{height:px;}.kb-row-layout-id7_94193d-d7 .kt-row-layout-bottom-sep svg{width:%;}}<\/style><div class=\"kb-row-layout-wrap kb-row-layout-id7_94193d-d7 alignnone kt-row-has-bg kt-jarallax wp-block-kadence-rowlayout\" data-img-position=\"center center\" data-img-size=\"cover\"><div class=\"kt-row-layout-overlay kt-row-overlay-gradient\"><\/div><div class=\"kt-row-layout-bottom-sep kt-row-sep-type-littri\"><svg viewbox=\"0 0 1000 100\" preserveaspectratio=\"none\"><path d=\"M500,2l25,98l-50,0l25,-98Z\" \/><\/svg><\/div><div class=\"kt-row-column-wrap kt-has-1-columns kt-row-layout-equal kt-tab-layout-inherit kt-mobile-layout-row kt-row-valign-middle\">\n<style>.kadence-column7_bb68be-13 > .kt-inside-inner-col,.kadence-column7_bb68be-13 > .kt-inside-inner-col:before{border-top-left-radius:0px;border-top-right-radius:0px;border-bottom-right-radius:0px;border-bottom-left-radius:0px;}.kadence-column7_bb68be-13 > .kt-inside-inner-col{column-gap:var(--global-kb-gap-sm, 1rem);}.kadence-column7_bb68be-13 > .kt-inside-inner-col{flex-direction:column;}.kadence-column7_bb68be-13 > .kt-inside-inner-col > .aligncenter{width:100%;}.kadence-column7_bb68be-13 > .kt-inside-inner-col:before{opacity:0.3;}.kadence-column7_bb68be-13{position:relative;}@media all and (max-width: 1024px){.kadence-column7_bb68be-13 > .kt-inside-inner-col{flex-direction:column;}}@media all and (max-width: 767px){.kadence-column7_bb68be-13 > .kt-inside-inner-col{flex-direction:column;}}<\/style>\n<div class=\"wp-block-kadence-column kadence-column7_bb68be-13 inner-column-1\"><div class=\"kt-inside-inner-col\"><div class=\"wp-block-image\">\n<figure class=\"aligncenter size-large is-resized\" id=\"lesoeils_logo\"><img decoding=\"async\" width=\"1024\" height=\"818\" src=\"http:\/\/lesoeils.fr\/wp-content\/uploads\/2025\/02\/LOGO-LESOEILS-NOIRSURFDTRANSPARENT-1-1024x818.png\" alt=\"\" class=\"wp-image-1157\" style=\"aspect-ratio:1;object-fit:contain;width:512px\" title=\"les oeils - logo\" srcset=\"http:\/\/lesoeils.fr\/wp-content\/uploads\/2025\/02\/LOGO-LESOEILS-NOIRSURFDTRANSPARENT-1-1024x818.png 1024w, http:\/\/lesoeils.fr\/wp-content\/uploads\/2025\/02\/LOGO-LESOEILS-NOIRSURFDTRANSPARENT-1-300x240.png 300w, http:\/\/lesoeils.fr\/wp-content\/uploads\/2025\/02\/LOGO-LESOEILS-NOIRSURFDTRANSPARENT-1-768x613.png 768w, http:\/\/lesoeils.fr\/wp-content\/uploads\/2025\/02\/LOGO-LESOEILS-NOIRSURFDTRANSPARENT-1-1536x1227.png 1536w, http:\/\/lesoeils.fr\/wp-content\/uploads\/2025\/02\/LOGO-LESOEILS-NOIRSURFDTRANSPARENT-1-15x12.png 15w, http:\/\/lesoeils.fr\/wp-content\/uploads\/2025\/02\/LOGO-LESOEILS-NOIRSURFDTRANSPARENT-1-640x511.png 640w, http:\/\/lesoeils.fr\/wp-content\/uploads\/2025\/02\/LOGO-LESOEILS-NOIRSURFDTRANSPARENT-1-1200x959.png 1200w, http:\/\/lesoeils.fr\/wp-content\/uploads\/2025\/02\/LOGO-LESOEILS-NOIRSURFDTRANSPARENT-1.png 1600w\" sizes=\"(max-width: 639px) 98vw, (max-width: 1199px) 64vw, 770px\" \/><\/figure><\/div>\n\n\n<p><\/p>\n<\/div><\/div>\n\n<\/div><\/div>\n\n<style>.kb-row-layout-wrap.wp-block-kadence-rowlayout.kb-row-layout-id7_8c7a9c-4b{margin-top:99px;}.kb-row-layout-id7_8c7a9c-4b > .kt-row-column-wrap{align-content:start;}:where(.kb-row-layout-id7_8c7a9c-4b > .kt-row-column-wrap) > .wp-block-kadence-column{justify-content:start;}.kb-row-layout-id7_8c7a9c-4b > .kt-row-column-wrap{column-gap:var(--global-kb-gap-md, 2rem);row-gap:var(--global-kb-gap-md, 2rem);padding-top:0%;padding-right:25%;padding-bottom:0%;padding-left:25%;grid-template-columns:minmax(0, 1fr);}.kb-row-layout-id7_8c7a9c-4b > .kt-row-layout-overlay{opacity:1;}@media all and (max-width: 1024px){.kb-row-layout-id7_8c7a9c-4b > .kt-row-column-wrap{grid-template-columns:minmax(0, 1fr);}}@media all and (max-width: 767px){.kb-row-layout-id7_8c7a9c-4b > .kt-row-column-wrap{padding-right:1%;padding-left:1%;grid-template-columns:minmax(0, 1fr);}}<\/style><div class=\"kb-row-layout-wrap kb-row-layout-id7_8c7a9c-4b alignnone wp-block-kadence-rowlayout\"><div class=\"kt-row-column-wrap kt-has-1-columns kt-row-layout-equal kt-tab-layout-inherit kt-mobile-layout-row kt-row-valign-top\">\n<style>.kadence-column7_64f221-00 > .kt-inside-inner-col,.kadence-column7_64f221-00 > .kt-inside-inner-col:before{border-top-left-radius:0px;border-top-right-radius:0px;border-bottom-right-radius:0px;border-bottom-left-radius:0px;}.kadence-column7_64f221-00 > .kt-inside-inner-col{column-gap:var(--global-kb-gap-sm, 1rem);}.kadence-column7_64f221-00 > .kt-inside-inner-col{flex-direction:column;}.kadence-column7_64f221-00 > .kt-inside-inner-col > .aligncenter{width:100%;}.kadence-column7_64f221-00 > .kt-inside-inner-col:before{opacity:0.3;}.kadence-column7_64f221-00{position:relative;}@media all and (max-width: 1024px){.kadence-column7_64f221-00 > .kt-inside-inner-col{flex-direction:column;}}@media all and (max-width: 767px){.kadence-column7_64f221-00 > .kt-inside-inner-col{flex-direction:column;}}<\/style>\n<div class=\"wp-block-kadence-column kadence-column7_64f221-00 inner-column-1\"><div class=\"kt-inside-inner-col\">\n<h2 class=\"wp-block-heading has-text-align-center\">The association<\/h2>\n\n\n\n<p class=\"has-text-align-center has-background has-medium-font-size\" style=\"background-color:#ffffff\">Created in 2007 in Rennes, our association works at the crossroads of live performance and visual arts.<br>Under this misspelled name hides a multidisciplinary collective bringing together artists, creators, builders and technicians concerned with<br>L\u2019<strong>O<\/strong>rganisation de l\u2019<strong>E<\/strong>space, l\u2019<strong>I<\/strong>mage, la <strong>L<\/strong>umi\u00e8re et la <strong>S<\/strong>c\u00e9nographie.<\/p>\n\n\n\n<p class=\"has-text-align-center has-background has-medium-font-size\" style=\"background-color:#ffffff\">Notre but est de rendre les \u00e9v\u00e9nements vivants et anim\u00e9s, l\u00e0 ou l&rsquo;on ne l&rsquo;attend pas forcement. Que ce soit en rues, en salles ou sous chapiteaux, sur sc\u00e8nes ou surtout en dehors, nos sc\u00e9nographies vivantes sont tout terrains et cherchent toujours a s&rsquo;adapter au d\u00e9fi de transformer un nouvel espace.<\/p>\n<\/div><\/div>\n\n<\/div><\/div>\n\n<style>.kb-row-layout-id7_9ca932-8f > .kt-row-column-wrap{align-content:start;}:where(.kb-row-layout-id7_9ca932-8f > .kt-row-column-wrap) > .wp-block-kadence-column{justify-content:start;}.kb-row-layout-id7_9ca932-8f > .kt-row-column-wrap{column-gap:var(--global-kb-gap-md, 2rem);row-gap:var(--global-kb-gap-md, 2rem);padding-top:5%;padding-right:10%;padding-bottom:5%;padding-left:10%;grid-template-columns:repeat(2, minmax(0, 1fr));}.kb-row-layout-id7_9ca932-8f > .kt-row-layout-overlay{opacity:0.30;}@media all and (max-width: 1024px){.kb-row-layout-id7_9ca932-8f > .kt-row-column-wrap{grid-template-columns:repeat(2, minmax(0, 1fr));}}@media all and (max-width: 767px){.kb-row-layout-id7_9ca932-8f > .kt-row-column-wrap{grid-template-columns:minmax(0, 1fr);}}<\/style><div class=\"kb-row-layout-wrap kb-row-layout-id7_9ca932-8f alignnone wp-block-kadence-rowlayout\"><div class=\"kt-row-column-wrap kt-has-2-columns kt-row-layout-equal kt-tab-layout-inherit kt-mobile-layout-row kt-row-valign-top\">\n<style>.kadence-column7_df63ef-e0 > .kt-inside-inner-col,.kadence-column7_df63ef-e0 > .kt-inside-inner-col:before{border-top-left-radius:0px;border-top-right-radius:0px;border-bottom-right-radius:0px;border-bottom-left-radius:0px;}.kadence-column7_df63ef-e0 > .kt-inside-inner-col{column-gap:var(--global-kb-gap-sm, 1rem);}.kadence-column7_df63ef-e0 > .kt-inside-inner-col{flex-direction:column;}.kadence-column7_df63ef-e0 > .kt-inside-inner-col > .aligncenter{width:100%;}.kadence-column7_df63ef-e0 > .kt-inside-inner-col:before{opacity:0.3;}.kadence-column7_df63ef-e0{position:relative;}@media all and (max-width: 1024px){.kadence-column7_df63ef-e0 > .kt-inside-inner-col{flex-direction:column;}}@media all and (max-width: 767px){.kadence-column7_df63ef-e0 > .kt-inside-inner-col{flex-direction:column;}}<\/style>\n<div class=\"wp-block-kadence-column kadence-column7_df63ef-e0 inner-column-1\"><div class=\"kt-inside-inner-col\">\n<ul class=\"wp-block-list\">\n<li class=\"has-medium-font-size\"><\/li>\n<\/ul>\n<\/div><\/div>\n\n\n<style>.kadence-column7_162f58-67 > .kt-inside-inner-col,.kadence-column7_162f58-67 > .kt-inside-inner-col:before{border-top-left-radius:0px;border-top-right-radius:0px;border-bottom-right-radius:0px;border-bottom-left-radius:0px;}.kadence-column7_162f58-67 > .kt-inside-inner-col{column-gap:var(--global-kb-gap-sm, 1rem);}.kadence-column7_162f58-67 > .kt-inside-inner-col{flex-direction:column;}.kadence-column7_162f58-67 > .kt-inside-inner-col > .aligncenter{width:100%;}.kadence-column7_162f58-67 > .kt-inside-inner-col:before{opacity:0.3;}.kadence-column7_162f58-67{position:relative;}@media all and (max-width: 1024px){.kadence-column7_162f58-67 > .kt-inside-inner-col{flex-direction:column;}}@media all and (max-width: 767px){.kadence-column7_162f58-67 > .kt-inside-inner-col{flex-direction:column;}}<\/style>\n<div class=\"wp-block-kadence-column kadence-column7_162f58-67 inner-column-2\"><div class=\"kt-inside-inner-col\">\n<div class=\"fb-page\" data-href=\"https:\/\/www.facebook.com\/Les-OEILS-245232852166923\/\" data-tabs=\"timeline\" data-width=\"500\" data-height=\"500\" data-small-header=\"true\" data-adapt-container-width=\"true\" data-hide-cover=\"true\" data-show-facepile=\"false\"><blockquote cite=\"https:\/\/www.facebook.com\/Les-OEILS-245232852166923\/\" class=\"fb-xfbml-parse-ignore\"><a href=\"https:\/\/www.facebook.com\/Les-OEILS-245232852166923\/\">Les OEILS<\/a><\/blockquote><\/div>\n\n\n\n<figure class=\"wp-block-embed-facebook wp-block-embed\"><div class=\"wp-block-embed__wrapper\">\nhttps:\/\/www.facebook.com\/LesOeils\/\n<\/div><\/figure>\n<\/div><\/div>\n\n<\/div><\/div>","protected":false},"excerpt":{"rendered":"L&rsquo;association Cr\u00e9\u00e9e en 2007 \u00e0 Rennes, notre association \u0153uvre \u00e0 la crois\u00e9e du spectacle vivant et des arts visuels.Sous ce nom \u00e0 faute d\u2019orthographe se cache un collectif pluridisciplinaire rassemblant des artistes, cr\u00e9ateurs, constructeurs et techniciens pr\u00e9occup\u00e9s parL\u2019Organisation de l\u2019Espace, l\u2019Image, la Lumi\u00e8re et la Sc\u00e9nographie. Notre but est de rendre les \u00e9v\u00e9nements vivants et [&hellip;]","protected":false},"author":1,"featured_media":13,"parent":0,"menu_order":0,"comment_status":"closed","ping_status":"closed","template":"page-templates\/homepage.php","meta":{"footnotes":""},"class_list":["post-7","page","type-page","status-publish","has-post-thumbnail","hentry"],"_links":{"self":[{"href":"http:\/\/lesoeils.fr\/en\/wp-json\/wp\/v2\/pages\/7","targetHints":{"allow":["GET"]}}],"collection":[{"href":"http:\/\/lesoeils.fr\/en\/wp-json\/wp\/v2\/pages"}],"about":[{"href":"http:\/\/lesoeils.fr\/en\/wp-json\/wp\/v2\/types\/page"}],"author":[{"embeddable":true,"href":"http:\/\/lesoeils.fr\/en\/wp-json\/wp\/v2\/users\/1"}],"replies":[{"embeddable":true,"href":"http:\/\/lesoeils.fr\/en\/wp-json\/wp\/v2\/comments?post=7"}],"version-history":[{"count":71,"href":"http:\/\/lesoeils.fr\/en\/wp-json\/wp\/v2\/pages\/7\/revisions"}],"predecessor-version":[{"id":1187,"href":"http:\/\/lesoeils.fr\/en\/wp-json\/wp\/v2\/pages\/7\/revisions\/1187"}],"wp:featuredmedia":[{"embeddable":true,"href":"http:\/\/lesoeils.fr\/en\/wp-json\/wp\/v2\/media\/13"}],"wp:attachment":[{"href":"http:\/\/lesoeils.fr\/en\/wp-json\/wp\/v2\/media?parent=7"}],"curies":[{"name":"wp","href":"https:\/\/api.w.org\/{rel}","templated":true}]}}