{"id":576,"date":"2020-03-20T11:20:48","date_gmt":"2020-03-20T10:20:48","guid":{"rendered":"http:\/\/lesoeils.fr\/?page_id=576"},"modified":"2020-05-14T17:55:25","modified_gmt":"2020-05-14T15:55:25","slug":"latelier","status":"publish","type":"page","link":"http:\/\/lesoeils.fr\/en\/latelier\/","title":{"rendered":"The Workshop"},"content":{"rendered":"<style>#kt-layout-id_4b4879-51 > .kt-row-column-wrap{align-content:start;}:where(#kt-layout-id_4b4879-51 > .kt-row-column-wrap) > .wp-block-kadence-column{justify-content:start;}#kt-layout-id_4b4879-51 > .kt-row-column-wrap{column-gap:var(--global-kb-gap-md, 2rem);row-gap:var(--global-kb-gap-md, 2rem);padding-top:var( --global-kb-row-default-top, 25px );padding-bottom:var( --global-kb-row-default-bottom, 25px );padding-top:5%;padding-bottom:0%;padding-left:25%;padding-right:25%;grid-template-columns:minmax(0, 1fr);}#kt-layout-id_4b4879-51 > .kt-row-layout-overlay{opacity:0.30;}@media all and (max-width: 1024px){#kt-layout-id_4b4879-51 > .kt-row-column-wrap{grid-template-columns:minmax(0, 1fr);}}@media all and (max-width: 767px){#kt-layout-id_4b4879-51 > .kt-row-column-wrap{grid-template-columns:minmax(0, 1fr);}}<\/style>\n<div class=\"wp-block-kadence-rowlayout alignnone\"><div id=\"kt-layout-id_4b4879-51\" class=\"kt-row-layout-inner kt-layout-id_4b4879-51\"><div class=\"kt-row-column-wrap kt-has-1-columns kt-gutter-default kt-v-gutter-default kt-row-valign-top kt-row-layout-equal kt-tab-layout-inherit kt-m-colapse-left-to-right kt-mobile-layout-row\"><style>.kadence-column_d8e005-c0 > .kt-inside-inner-col{border-top-width:0px;border-right-width:0px;border-bottom-width:0px;border-left-width:0px;}.kadence-column_d8e005-c0 > .kt-inside-inner-col,.kadence-column_d8e005-c0 > .kt-inside-inner-col:before{border-top-left-radius:0px;border-top-right-radius:0px;border-bottom-right-radius:0px;border-bottom-left-radius:0px;}.kadence-column_d8e005-c0 > .kt-inside-inner-col{column-gap:var(--global-kb-gap-sm, 1rem);}.kadence-column_d8e005-c0 > .kt-inside-inner-col{flex-direction:column;}.kadence-column_d8e005-c0 > .kt-inside-inner-col > .aligncenter{width:100%;}.kadence-column_d8e005-c0 > .kt-inside-inner-col:before{opacity:0.3;}.kadence-column_d8e005-c0{position:relative;}@media all and (max-width: 1024px){.kadence-column_d8e005-c0 > .kt-inside-inner-col{flex-direction:column;}}@media all and (max-width: 767px){.kadence-column_d8e005-c0 > .kt-inside-inner-col{flex-direction:column;}}<\/style>\n<div class=\"wp-block-kadence-column inner-column-1 kadence-column_d8e005-c0\"><div class=\"kt-inside-inner-col\">\n<h2 class=\"has-text-align-center wp-block-heading\">The Workshop<\/h2>\n\n\n\n<p class=\"has-text-align-center has-normal-font-size\">Since 2014, our association has had a workshop located in Nouvoitou in the Rennes metropolis. &nbsp;<br>It offers several complementary spaces: a workshop equipped with numerous machines to create our creations, a storage area, a screen printing workshop, an office space, as well as common living areas.<br>We are installed in a set of workshops occupied by other creatives (a costume designer, a blacksmith and carpenters as well as two theater companies which store their sets there).<br>This makes it possible to create bridges between the different trades and to jointly build a factory space, between art and crafts.<br>The layout of our workshop is designed with the idea of \u200b\u200bbeing able to pool spaces, in order to make them occasionally available to people outside our association (creative residency, show rehearsals, photo sessions, construction, restoration or decoration improvements). , use of certain specific machines, etc.)<\/p>\n<\/div><\/div>\n<\/div><\/div><\/div>\n\n\n<style>.wp-block-kadence-advancedgallery.kb-gallery-wrap-id-_35847a-d9{margin-top:100px;margin-right:100px;margin-bottom:100px;margin-left:100px;}.wp-block-kadence-advancedgallery .kb-gallery-type-grid.kb-gallery-id-_35847a-d9{margin:-5px;}.kb-gallery-type-grid.kb-gallery-id-_35847a-d9 .kadence-blocks-gallery-item{padding:5px;}.kb-gallery-id-_35847a-d9 .kadence-blocks-gallery-item .kb-gal-image-radius{border-radius:0px 0px 0px 0px;;}@media all and (max-width: 767px){.wp-block-kadence-advancedgallery.kb-gallery-wrap-id-_35847a-d9{margin-top:10px;margin-right:10px;margin-bottom:10px;margin-left:10px;}}<\/style>\n<div class=\"wp-block-kadence-advancedgallery kb-gallery-wrap-id-_35847a-d9\"><ul class=\"kb-gallery-ul kb-gallery-type-grid kb-gallery-id-_35847a-d9 kb-gallery-caption-style-bottom-hover kb-gallery-filter-none kb-gallery-magnific-init\" data-item-selector=\".kadence-blocks-gallery-item\" data-image-filter=\"none\" data-lightbox-caption=\"true\" data-columns-xxl=\"4\" data-columns-xl=\"4\" data-columns-lg=\"4\" data-columns-md=\"3\" data-columns-sm=\"2\" data-columns-xs=\"1\" data-columns-ss=\"1\"><li class=\"kadence-blocks-gallery-item\"><div class=\"kadence-blocks-gallery-item-inner\"><figure class=\"kb-gallery-figure kb-gallery-item-has-link kadence-blocks-gallery-item-hide-caption kb-has-image-ratio-land32\"><a href=\"http:\/\/lesoeils.fr\/wp-content\/uploads\/2020\/03\/20181022205832_DSCF1679web.jpg\" class=\"kb-gallery-item-link\"><div class=\"kb-gal-image-radius\"><div class=\"kb-gallery-image-contain kadence-blocks-gallery-intrinsic kb-gallery-image-ratio-land32\"><img decoding=\"async\" src=\"http:\/\/lesoeils.fr\/wp-content\/uploads\/2020\/03\/20181022205832_DSCF1679web-577x1024.jpg\" width=\"577\" height=\"1024\" alt=\"\" data-full-image=\"http:\/\/lesoeils.fr\/wp-content\/uploads\/2020\/03\/20181022205832_DSCF1679web.jpg\" data-light-image=\"http:\/\/lesoeils.fr\/wp-content\/uploads\/2020\/03\/20181022205832_DSCF1679web.jpg\" data-id=\"633\" data-link=\"http:\/\/lesoeils.fr\/20181022205832_dscf1679web\/\" class=\"wp-image-633undefined\" srcset=\"http:\/\/lesoeils.fr\/wp-content\/uploads\/2020\/03\/20181022205832_DSCF1679web-577x1024.jpg 577w, http:\/\/lesoeils.fr\/wp-content\/uploads\/2020\/03\/20181022205832_DSCF1679web-169x300.jpg 169w, http:\/\/lesoeils.fr\/wp-content\/uploads\/2020\/03\/20181022205832_DSCF1679web-768x1362.jpg 768w, http:\/\/lesoeils.fr\/wp-content\/uploads\/2020\/03\/20181022205832_DSCF1679web-866x1536.jpg 866w, http:\/\/lesoeils.fr\/wp-content\/uploads\/2020\/03\/20181022205832_DSCF1679web-640x1135.jpg 640w, http:\/\/lesoeils.fr\/wp-content\/uploads\/2020\/03\/20181022205832_DSCF1679web-1024x1816.jpg 1024w, http:\/\/lesoeils.fr\/wp-content\/uploads\/2020\/03\/20181022205832_DSCF1679web.jpg 1104w\" sizes=\"(max-width: 639px) 98vw, (max-width: 1199px) 64vw, 577px\" \/><\/div><\/div><\/a><\/figure><\/div><\/li><li class=\"kadence-blocks-gallery-item\"><div class=\"kadence-blocks-gallery-item-inner\"><figure class=\"kb-gallery-figure kb-gallery-item-has-link kadence-blocks-gallery-item-hide-caption kb-has-image-ratio-land32\"><a href=\"http:\/\/lesoeils.fr\/wp-content\/uploads\/2020\/03\/20181022205652_DSCF1668web.jpg\" class=\"kb-gallery-item-link\"><div class=\"kb-gal-image-radius\"><div class=\"kb-gallery-image-contain kadence-blocks-gallery-intrinsic kb-gallery-image-ratio-land32\"><img decoding=\"async\" src=\"http:\/\/lesoeils.fr\/wp-content\/uploads\/2020\/03\/20181022205652_DSCF1668web-1024x577.jpg\" width=\"1024\" height=\"577\" alt=\"\" data-full-image=\"http:\/\/lesoeils.fr\/wp-content\/uploads\/2020\/03\/20181022205652_DSCF1668web.jpg\" data-light-image=\"http:\/\/lesoeils.fr\/wp-content\/uploads\/2020\/03\/20181022205652_DSCF1668web.jpg\" data-id=\"632\" data-link=\"http:\/\/lesoeils.fr\/20181022205652_dscf1668web\/\" class=\"wp-image-632undefined\" srcset=\"http:\/\/lesoeils.fr\/wp-content\/uploads\/2020\/03\/20181022205652_DSCF1668web-1024x577.jpg 1024w, http:\/\/lesoeils.fr\/wp-content\/uploads\/2020\/03\/20181022205652_DSCF1668web-300x169.jpg 300w, http:\/\/lesoeils.fr\/wp-content\/uploads\/2020\/03\/20181022205652_DSCF1668web-768x433.jpg 768w, http:\/\/lesoeils.fr\/wp-content\/uploads\/2020\/03\/20181022205652_DSCF1668web-1536x866.jpg 1536w, http:\/\/lesoeils.fr\/wp-content\/uploads\/2020\/03\/20181022205652_DSCF1668web-640x361.jpg 640w, http:\/\/lesoeils.fr\/wp-content\/uploads\/2020\/03\/20181022205652_DSCF1668web-1200x676.jpg 1200w, http:\/\/lesoeils.fr\/wp-content\/uploads\/2020\/03\/20181022205652_DSCF1668web.jpg 1900w\" sizes=\"(max-width: 639px) 98vw, (max-width: 1199px) 64vw, 770px\" \/><\/div><\/div><\/a><\/figure><\/div><\/li><li class=\"kadence-blocks-gallery-item\"><div class=\"kadence-blocks-gallery-item-inner\"><figure class=\"kb-gallery-figure kb-gallery-item-has-link kadence-blocks-gallery-item-hide-caption kb-has-image-ratio-land32\"><a href=\"http:\/\/lesoeils.fr\/wp-content\/uploads\/2020\/03\/20181022204637_image-11.jpeg\" class=\"kb-gallery-item-link\"><div class=\"kb-gal-image-radius\"><div class=\"kb-gallery-image-contain kadence-blocks-gallery-intrinsic kb-gallery-image-ratio-land32\"><img decoding=\"async\" width=\"640\" height=\"480\" src=\"http:\/\/lesoeils.fr\/wp-content\/uploads\/2020\/03\/20181022204637_image-11.jpeg\" alt=\"\" data-full-image=\"http:\/\/lesoeils.fr\/wp-content\/uploads\/2020\/03\/20181022204637_image-11.jpeg\" data-light-image=\"http:\/\/lesoeils.fr\/wp-content\/uploads\/2020\/03\/20181022204637_image-11.jpeg\" data-id=\"631\" data-link=\"http:\/\/lesoeils.fr\/20181022204637_image-11\/\" class=\"wp-image-631undefined\" srcset=\"http:\/\/lesoeils.fr\/wp-content\/uploads\/2020\/03\/20181022204637_image-11.jpeg 640w, http:\/\/lesoeils.fr\/wp-content\/uploads\/2020\/03\/20181022204637_image-11-300x225.jpeg 300w\" sizes=\"(max-width: 639px) 98vw, (max-width: 1199px) 64vw, 640px\" \/><\/div><\/div><\/a><\/figure><\/div><\/li><li class=\"kadence-blocks-gallery-item\"><div class=\"kadence-blocks-gallery-item-inner\"><figure class=\"kb-gallery-figure kb-gallery-item-has-link kadence-blocks-gallery-item-hide-caption kb-has-image-ratio-land32\"><a href=\"http:\/\/lesoeils.fr\/wp-content\/uploads\/2020\/03\/20181022204323_photo-1small4tiers.jpg\" class=\"kb-gallery-item-link\"><div class=\"kb-gal-image-radius\"><div class=\"kb-gallery-image-contain kadence-blocks-gallery-intrinsic kb-gallery-image-ratio-land32\"><img decoding=\"async\" src=\"http:\/\/lesoeils.fr\/wp-content\/uploads\/2020\/03\/20181022204323_photo-1small4tiers-1024x766.jpg\" width=\"1024\" height=\"766\" alt=\"\" data-full-image=\"http:\/\/lesoeils.fr\/wp-content\/uploads\/2020\/03\/20181022204323_photo-1small4tiers.jpg\" data-light-image=\"http:\/\/lesoeils.fr\/wp-content\/uploads\/2020\/03\/20181022204323_photo-1small4tiers.jpg\" data-id=\"630\" data-link=\"http:\/\/lesoeils.fr\/20181022204323_photo-1small4tiers\/\" class=\"wp-image-630undefined\" srcset=\"http:\/\/lesoeils.fr\/wp-content\/uploads\/2020\/03\/20181022204323_photo-1small4tiers-1024x766.jpg 1024w, http:\/\/lesoeils.fr\/wp-content\/uploads\/2020\/03\/20181022204323_photo-1small4tiers-300x225.jpg 300w, http:\/\/lesoeils.fr\/wp-content\/uploads\/2020\/03\/20181022204323_photo-1small4tiers-768x575.jpg 768w, http:\/\/lesoeils.fr\/wp-content\/uploads\/2020\/03\/20181022204323_photo-1small4tiers-1536x1149.jpg 1536w, http:\/\/lesoeils.fr\/wp-content\/uploads\/2020\/03\/20181022204323_photo-1small4tiers-640x479.jpg 640w, http:\/\/lesoeils.fr\/wp-content\/uploads\/2020\/03\/20181022204323_photo-1small4tiers-1200x898.jpg 1200w, http:\/\/lesoeils.fr\/wp-content\/uploads\/2020\/03\/20181022204323_photo-1small4tiers.jpg 1800w\" sizes=\"(max-width: 639px) 98vw, (max-width: 1199px) 64vw, 770px\" \/><\/div><\/div><\/a><\/figure><\/div><\/li><li class=\"kadence-blocks-gallery-item\"><div class=\"kadence-blocks-gallery-item-inner\"><figure class=\"kb-gallery-figure kb-gallery-item-has-link kadence-blocks-gallery-item-hide-caption kb-has-image-ratio-land32\"><a href=\"http:\/\/lesoeils.fr\/wp-content\/uploads\/2020\/03\/20181022203342_m5-scaled.jpg\" class=\"kb-gallery-item-link\"><div class=\"kb-gal-image-radius\"><div class=\"kb-gallery-image-contain kadence-blocks-gallery-intrinsic kb-gallery-image-ratio-land32\"><img decoding=\"async\" src=\"http:\/\/lesoeils.fr\/wp-content\/uploads\/2020\/03\/20181022203342_m5-1024x681.jpg\" width=\"1024\" height=\"681\" alt=\"\" data-full-image=\"http:\/\/lesoeils.fr\/wp-content\/uploads\/2020\/03\/20181022203342_m5-scaled.jpg\" data-light-image=\"http:\/\/lesoeils.fr\/wp-content\/uploads\/2020\/03\/20181022203342_m5-scaled.jpg\" data-id=\"629\" data-link=\"http:\/\/lesoeils.fr\/sony-dsc-4\/\" class=\"wp-image-629undefined\" srcset=\"http:\/\/lesoeils.fr\/wp-content\/uploads\/2020\/03\/20181022203342_m5-1024x681.jpg 1024w, http:\/\/lesoeils.fr\/wp-content\/uploads\/2020\/03\/20181022203342_m5-300x200.jpg 300w, http:\/\/lesoeils.fr\/wp-content\/uploads\/2020\/03\/20181022203342_m5-768x511.jpg 768w, http:\/\/lesoeils.fr\/wp-content\/uploads\/2020\/03\/20181022203342_m5-1536x1022.jpg 1536w, http:\/\/lesoeils.fr\/wp-content\/uploads\/2020\/03\/20181022203342_m5-2048x1363.jpg 2048w, http:\/\/lesoeils.fr\/wp-content\/uploads\/2020\/03\/20181022203342_m5-640x426.jpg 640w, http:\/\/lesoeils.fr\/wp-content\/uploads\/2020\/03\/20181022203342_m5-1200x799.jpg 1200w, http:\/\/lesoeils.fr\/wp-content\/uploads\/2020\/03\/20181022203342_m5-scaled.jpg 1920w\" sizes=\"(max-width: 639px) 98vw, (max-width: 1199px) 64vw, 770px\" \/><\/div><figcaption class=\"kadence-blocks-gallery-item__caption\">SONY DSC<\/figcaption><\/div><\/a><\/figure><\/div><\/li><li class=\"kadence-blocks-gallery-item\"><div class=\"kadence-blocks-gallery-item-inner\"><figure class=\"kb-gallery-figure kb-gallery-item-has-link kadence-blocks-gallery-item-hide-caption kb-has-image-ratio-land32\"><a href=\"http:\/\/lesoeils.fr\/wp-content\/uploads\/2020\/03\/20181022103046_d1-scaled.jpg\" class=\"kb-gallery-item-link\"><div class=\"kb-gal-image-radius\"><div class=\"kb-gallery-image-contain kadence-blocks-gallery-intrinsic kb-gallery-image-ratio-land32\"><img decoding=\"async\" src=\"http:\/\/lesoeils.fr\/wp-content\/uploads\/2020\/03\/20181022103046_d1-1024x681.jpg\" width=\"1024\" height=\"681\" alt=\"\" data-full-image=\"http:\/\/lesoeils.fr\/wp-content\/uploads\/2020\/03\/20181022103046_d1-scaled.jpg\" data-light-image=\"http:\/\/lesoeils.fr\/wp-content\/uploads\/2020\/03\/20181022103046_d1-scaled.jpg\" data-id=\"628\" data-link=\"http:\/\/lesoeils.fr\/sony-dsc-3\/\" class=\"wp-image-628undefined\" srcset=\"http:\/\/lesoeils.fr\/wp-content\/uploads\/2020\/03\/20181022103046_d1-1024x681.jpg 1024w, http:\/\/lesoeils.fr\/wp-content\/uploads\/2020\/03\/20181022103046_d1-300x200.jpg 300w, http:\/\/lesoeils.fr\/wp-content\/uploads\/2020\/03\/20181022103046_d1-768x511.jpg 768w, http:\/\/lesoeils.fr\/wp-content\/uploads\/2020\/03\/20181022103046_d1-1536x1022.jpg 1536w, http:\/\/lesoeils.fr\/wp-content\/uploads\/2020\/03\/20181022103046_d1-2048x1363.jpg 2048w, http:\/\/lesoeils.fr\/wp-content\/uploads\/2020\/03\/20181022103046_d1-640x426.jpg 640w, http:\/\/lesoeils.fr\/wp-content\/uploads\/2020\/03\/20181022103046_d1-1200x799.jpg 1200w, http:\/\/lesoeils.fr\/wp-content\/uploads\/2020\/03\/20181022103046_d1-scaled.jpg 1920w\" sizes=\"(max-width: 639px) 98vw, (max-width: 1199px) 64vw, 770px\" \/><\/div><figcaption class=\"kadence-blocks-gallery-item__caption\">SONY DSC<\/figcaption><\/div><\/a><\/figure><\/div><\/li><li class=\"kadence-blocks-gallery-item\"><div class=\"kadence-blocks-gallery-item-inner\"><figure class=\"kb-gallery-figure kb-gallery-item-has-link kadence-blocks-gallery-item-hide-caption kb-has-image-ratio-land32\"><a href=\"http:\/\/lesoeils.fr\/wp-content\/uploads\/2020\/03\/20181129170556_Mon-HipstaPrint-853126209-02.jpg\" class=\"kb-gallery-item-link\"><div class=\"kb-gal-image-radius\"><div class=\"kb-gallery-image-contain kadence-blocks-gallery-intrinsic kb-gallery-image-ratio-land32\"><img decoding=\"async\" src=\"http:\/\/lesoeils.fr\/wp-content\/uploads\/2020\/03\/20181129170556_Mon-HipstaPrint-853126209-02-1024x1024.jpg\" width=\"1024\" height=\"1024\" alt=\"\" data-full-image=\"http:\/\/lesoeils.fr\/wp-content\/uploads\/2020\/03\/20181129170556_Mon-HipstaPrint-853126209-02.jpg\" data-light-image=\"http:\/\/lesoeils.fr\/wp-content\/uploads\/2020\/03\/20181129170556_Mon-HipstaPrint-853126209-02.jpg\" data-id=\"403\" data-link=\"http:\/\/lesoeils.fr\/sur-mesure\/gradin\/attachment\/20181129170556_mon-hipstaprint-853126209-02\/\" class=\"wp-image-403undefined\" srcset=\"http:\/\/lesoeils.fr\/wp-content\/uploads\/2020\/03\/20181129170556_Mon-HipstaPrint-853126209-02-1024x1024.jpg 1024w, http:\/\/lesoeils.fr\/wp-content\/uploads\/2020\/03\/20181129170556_Mon-HipstaPrint-853126209-02-300x300.jpg 300w, http:\/\/lesoeils.fr\/wp-content\/uploads\/2020\/03\/20181129170556_Mon-HipstaPrint-853126209-02-150x150.jpg 150w, http:\/\/lesoeils.fr\/wp-content\/uploads\/2020\/03\/20181129170556_Mon-HipstaPrint-853126209-02-768x768.jpg 768w, http:\/\/lesoeils.fr\/wp-content\/uploads\/2020\/03\/20181129170556_Mon-HipstaPrint-853126209-02-640x640.jpg 640w, http:\/\/lesoeils.fr\/wp-content\/uploads\/2020\/03\/20181129170556_Mon-HipstaPrint-853126209-02-1200x1200.jpg 1200w, http:\/\/lesoeils.fr\/wp-content\/uploads\/2020\/03\/20181129170556_Mon-HipstaPrint-853126209-02.jpg 1280w\" sizes=\"(max-width: 639px) 98vw, (max-width: 1199px) 64vw, 770px\" \/><\/div><\/div><\/a><\/figure><\/div><\/li><li class=\"kadence-blocks-gallery-item\"><div class=\"kadence-blocks-gallery-item-inner\"><figure class=\"kb-gallery-figure kb-gallery-item-has-link kadence-blocks-gallery-item-hide-caption kb-has-image-ratio-land32\"><a href=\"http:\/\/lesoeils.fr\/wp-content\/uploads\/2020\/03\/20181129170556_Mon-HipstaPrint-853126209-06.jpg\" class=\"kb-gallery-item-link\"><div class=\"kb-gal-image-radius\"><div class=\"kb-gallery-image-contain kadence-blocks-gallery-intrinsic kb-gallery-image-ratio-land32\"><img decoding=\"async\" src=\"http:\/\/lesoeils.fr\/wp-content\/uploads\/2020\/03\/20181129170556_Mon-HipstaPrint-853126209-06-1024x1024.jpg\" width=\"1024\" height=\"1024\" alt=\"\" data-full-image=\"http:\/\/lesoeils.fr\/wp-content\/uploads\/2020\/03\/20181129170556_Mon-HipstaPrint-853126209-06.jpg\" data-light-image=\"http:\/\/lesoeils.fr\/wp-content\/uploads\/2020\/03\/20181129170556_Mon-HipstaPrint-853126209-06.jpg\" data-id=\"407\" data-link=\"http:\/\/lesoeils.fr\/sur-mesure\/gradin\/attachment\/20181129170556_mon-hipstaprint-853126209-06\/\" class=\"wp-image-407undefined\" srcset=\"http:\/\/lesoeils.fr\/wp-content\/uploads\/2020\/03\/20181129170556_Mon-HipstaPrint-853126209-06-1024x1024.jpg 1024w, http:\/\/lesoeils.fr\/wp-content\/uploads\/2020\/03\/20181129170556_Mon-HipstaPrint-853126209-06-300x300.jpg 300w, http:\/\/lesoeils.fr\/wp-content\/uploads\/2020\/03\/20181129170556_Mon-HipstaPrint-853126209-06-150x150.jpg 150w, http:\/\/lesoeils.fr\/wp-content\/uploads\/2020\/03\/20181129170556_Mon-HipstaPrint-853126209-06-768x768.jpg 768w, http:\/\/lesoeils.fr\/wp-content\/uploads\/2020\/03\/20181129170556_Mon-HipstaPrint-853126209-06-640x640.jpg 640w, http:\/\/lesoeils.fr\/wp-content\/uploads\/2020\/03\/20181129170556_Mon-HipstaPrint-853126209-06-1200x1200.jpg 1200w, http:\/\/lesoeils.fr\/wp-content\/uploads\/2020\/03\/20181129170556_Mon-HipstaPrint-853126209-06.jpg 1280w\" sizes=\"(max-width: 639px) 98vw, (max-width: 1199px) 64vw, 770px\" \/><\/div><\/div><\/a><\/figure><\/div><\/li><\/ul><\/div>","protected":false},"excerpt":{"rendered":"L&rsquo;AtelieR Notre association dispose depuis 2014 d\u2019un atelier situ\u00e9 \u00e0 Nouvoitou dans la M\u00e9tropole rennaise. &nbsp;Il offre plusieurs espaces compl\u00e9mentaires : un atelier \u00e9quip\u00e9 de nombreuses machines pour r\u00e9aliser nos cr\u00e9ations, un lieu de stockage, un atelier de s\u00e9rigraphie, un espace de bureau, ainsi que des pi\u00e8ces de vie commune.Nous sommes install\u00e9s dans un ensemble [&hellip;]","protected":false},"author":1,"featured_media":0,"parent":0,"menu_order":0,"comment_status":"closed","ping_status":"closed","template":"page-templates\/pagepleine.php","meta":{"footnotes":""},"class_list":["post-576","page","type-page","status-publish","hentry"],"_links":{"self":[{"href":"http:\/\/lesoeils.fr\/en\/wp-json\/wp\/v2\/pages\/576","targetHints":{"allow":["GET"]}}],"collection":[{"href":"http:\/\/lesoeils.fr\/en\/wp-json\/wp\/v2\/pages"}],"about":[{"href":"http:\/\/lesoeils.fr\/en\/wp-json\/wp\/v2\/types\/page"}],"author":[{"embeddable":true,"href":"http:\/\/lesoeils.fr\/en\/wp-json\/wp\/v2\/users\/1"}],"replies":[{"embeddable":true,"href":"http:\/\/lesoeils.fr\/en\/wp-json\/wp\/v2\/comments?post=576"}],"version-history":[{"count":12,"href":"http:\/\/lesoeils.fr\/en\/wp-json\/wp\/v2\/pages\/576\/revisions"}],"predecessor-version":[{"id":961,"href":"http:\/\/lesoeils.fr\/en\/wp-json\/wp\/v2\/pages\/576\/revisions\/961"}],"wp:attachment":[{"href":"http:\/\/lesoeils.fr\/en\/wp-json\/wp\/v2\/media?parent=576"}],"curies":[{"name":"wp","href":"https:\/\/api.w.org\/{rel}","templated":true}]}}