{"id":16,"date":"2020-03-16T13:13:51","date_gmt":"2020-03-16T12:13:51","guid":{"rendered":"http:\/\/lesoeils.fr\/?page_id=16"},"modified":"2020-03-24T19:04:52","modified_gmt":"2020-03-24T18:04:52","slug":"sur-mesure","status":"publish","type":"page","link":"http:\/\/lesoeils.fr\/en\/sur-mesure\/","title":{"rendered":"Tailored"},"content":{"rendered":"<p>We carry out \u201ctailor-made\u201d orders upon request. This can take the form of creating decorative elements for a show, working on lighting for a music group, helping to produce specific pieces for other visual artists, building furniture, stands. \u2026or any other scenographic element for the specific needs of a project.<\/p>","protected":false},"excerpt":{"rendered":"Nous r\u00e9alisons \u00e0 la demande des commandes \u00ab\u00a0sur mesure\u00a0\u00bb. Cela peut se d\u00e9cliner sous la forme de cr\u00e9ation d\u2019\u00e9l\u00e9ments de d\u00e9cors pour un spectacle, de travail sur la lumi\u00e8re pour un groupe de musique, d\u2019aide \u00e0 la production de pi\u00e8ces sp\u00e9cifiques pour d\u2019autres plasticiens, de construction de mobilier, gradins&#8230; ou tout autre \u00e9l\u00e9ment sc\u00e9nographique pour [&hellip;]","protected":false},"author":1,"featured_media":0,"parent":0,"menu_order":0,"comment_status":"closed","ping_status":"closed","template":"page-templates\/page-mesure.php","meta":{"footnotes":""},"class_list":["post-16","page","type-page","status-publish","hentry"],"_links":{"self":[{"href":"http:\/\/lesoeils.fr\/en\/wp-json\/wp\/v2\/pages\/16","targetHints":{"allow":["GET"]}}],"collection":[{"href":"http:\/\/lesoeils.fr\/en\/wp-json\/wp\/v2\/pages"}],"about":[{"href":"http:\/\/lesoeils.fr\/en\/wp-json\/wp\/v2\/types\/page"}],"author":[{"embeddable":true,"href":"http:\/\/lesoeils.fr\/en\/wp-json\/wp\/v2\/users\/1"}],"replies":[{"embeddable":true,"href":"http:\/\/lesoeils.fr\/en\/wp-json\/wp\/v2\/comments?post=16"}],"version-history":[{"count":3,"href":"http:\/\/lesoeils.fr\/en\/wp-json\/wp\/v2\/pages\/16\/revisions"}],"predecessor-version":[{"id":637,"href":"http:\/\/lesoeils.fr\/en\/wp-json\/wp\/v2\/pages\/16\/revisions\/637"}],"wp:attachment":[{"href":"http:\/\/lesoeils.fr\/en\/wp-json\/wp\/v2\/media?parent=16"}],"curies":[{"name":"wp","href":"https:\/\/api.w.org\/{rel}","templated":true}]}}