{"id":14,"date":"2020-03-16T13:13:41","date_gmt":"2020-03-16T12:13:41","guid":{"rendered":"http:\/\/lesoeils.fr\/?page_id=14"},"modified":"2020-03-24T15:27:24","modified_gmt":"2020-03-24T14:27:24","slug":"creations","status":"publish","type":"page","link":"http:\/\/lesoeils.fr\/en\/creations\/","title":{"rendered":"Creations"},"content":{"rendered":"<p>During a festival or cultural event, we invest the space to create unique images and atmospheres. We install some of our creations there, work on the lights of a site, the enhancement of a space or even enhance buildings using projections... It's always about experimenting from a multitude materials (wood, metal, fabric, XXL prints, slide projections, furniture, constructions, etc.).<br>Each time our objective is to adapt to the spaces entrusted to us, to transform them, to reinvent endlessly to take the public on a journey and create universes that invite encounters.<\/p>","protected":false},"excerpt":{"rendered":"Le temps d\u2019un festival, ou d\u2019un \u00e9v\u00e9nement culturel, nous investissons l\u2019espace pour cr\u00e9er des images et des atmosph\u00e8res singuli\u00e8res. Nous y installons certaines de nos cr\u00e9ations, travaillons les lumi\u00e8res d\u2019un site, la mise en valeur d\u2019un espace ou encore valorisons des b\u00e2timents \u00e0 l\u2019aide de projections&#8230; Il s\u2019agit toujours d\u2019exp\u00e9rimenter \u00e0 partir d\u2019une multitude de [&hellip;]","protected":false},"author":1,"featured_media":0,"parent":0,"menu_order":0,"comment_status":"closed","ping_status":"closed","template":"page-templates\/page-mesure.php","meta":{"footnotes":""},"class_list":["post-14","page","type-page","status-publish","hentry"],"_links":{"self":[{"href":"http:\/\/lesoeils.fr\/en\/wp-json\/wp\/v2\/pages\/14","targetHints":{"allow":["GET"]}}],"collection":[{"href":"http:\/\/lesoeils.fr\/en\/wp-json\/wp\/v2\/pages"}],"about":[{"href":"http:\/\/lesoeils.fr\/en\/wp-json\/wp\/v2\/types\/page"}],"author":[{"embeddable":true,"href":"http:\/\/lesoeils.fr\/en\/wp-json\/wp\/v2\/users\/1"}],"replies":[{"embeddable":true,"href":"http:\/\/lesoeils.fr\/en\/wp-json\/wp\/v2\/comments?post=14"}],"version-history":[{"count":3,"href":"http:\/\/lesoeils.fr\/en\/wp-json\/wp\/v2\/pages\/14\/revisions"}],"predecessor-version":[{"id":41,"href":"http:\/\/lesoeils.fr\/en\/wp-json\/wp\/v2\/pages\/14\/revisions\/41"}],"wp:attachment":[{"href":"http:\/\/lesoeils.fr\/en\/wp-json\/wp\/v2\/media?parent=14"}],"curies":[{"name":"wp","href":"https:\/\/api.w.org\/{rel}","templated":true}]}}