{"id":1150,"date":"2025-02-06T13:12:27","date_gmt":"2025-02-06T12:12:27","guid":{"rendered":"http:\/\/lesoeils.fr\/?page_id=1150"},"modified":"2025-11-28T04:26:18","modified_gmt":"2025-11-28T03:26:18","slug":"flash-tempete","status":"publish","type":"page","link":"http:\/\/lesoeils.fr\/en\/flash-tempete\/","title":{"rendered":"flash temp\u00eate"},"content":{"rendered":"<style>.kb-row-layout-id1150_dcc0e0-63 > .kt-row-column-wrap{align-content:center;}:where(.kb-row-layout-id1150_dcc0e0-63 > .kt-row-column-wrap) > .wp-block-kadence-column{justify-content:center;}.kb-row-layout-id1150_dcc0e0-63 > .kt-row-column-wrap{column-gap:var(--global-kb-gap-md, 2rem);row-gap:var(--global-kb-gap-md, 2rem);max-width:100vw;margin-left:auto;margin-right:auto;padding-top:5rem;padding-right:10rem;padding-bottom:5rem;padding-left:10rem;min-height:100vh;grid-template-columns:minmax(0, 1fr);}.kb-row-layout-id1150_dcc0e0-63{background-image:url('http:\/\/lesoeils.fr\/wp-content\/uploads\/2020\/03\/20181018132315_mouette-soir-scaled.jpg');background-size:cover;background-position:left top;background-attachment:fixed;background-repeat:no-repeat;}.kb-row-layout-id1150_dcc0e0-63 > .kt-row-layout-overlay{opacity:0.50;background:radial-gradient(ellipse at center center, #ffffff 0%, rgba(48, 48, 48, 0) 100%);mix-blend-mode:multiply;}.kb-row-layout-id1150_dcc0e0-63 .kt-row-layout-bottom-sep{height:30px;}.kb-row-layout-id1150_dcc0e0-63 .kt-row-layout-bottom-sep svg{width:100%;}.kb-row-layout-id1150_dcc0e0-63 .kt-row-layout-bottom-sep svg{fill:#ffffff!important;}@media all and (max-width: 1024px), only screen and (min-device-width: 1024px) and (max-device-width: 1366px) and (-webkit-min-device-pixel-ratio: 2) and (hover: none){.kb-row-layout-id1150_dcc0e0-63{background-attachment:scroll;}}@media all and (max-width: 1024px){.kb-row-layout-id1150_dcc0e0-63 > .kt-row-column-wrap{padding-right:5rem;padding-left:5rem;grid-template-columns:minmax(0, 1fr);}}@media all and (max-width: 1024px){.kb-row-layout-id1150_dcc0e0-63 .kt-row-layout-bottom-sep{height:px;}}@media all and (max-width: 1024px){.kb-row-layout-id1150_dcc0e0-63 .kt-row-layout-bottom-sep svg{width:%;}}@media all and (max-width: 767px){.kb-row-layout-id1150_dcc0e0-63 > .kt-row-column-wrap{padding-top:5rem;padding-right:5rem;padding-bottom:5rem;padding-left:5rem;grid-template-columns:minmax(0, 1fr);}.kb-row-layout-id1150_dcc0e0-63 .kt-row-layout-bottom-sep{height:30px;}.kb-row-layout-id1150_dcc0e0-63 .kt-row-layout-bottom-sep svg{width:%;}}<\/style><header class=\"kb-row-layout-wrap kb-row-layout-id1150_dcc0e0-63 alignnone kt-row-has-bg kt-jarallax wp-block-kadence-rowlayout\" data-img-position=\"left top\" data-img-size=\"cover\"><div class=\"kt-row-layout-overlay kt-row-overlay-gradient\"><\/div><div class=\"kt-row-layout-bottom-sep kt-row-sep-type-littri\"><svg viewbox=\"0 0 1000 100\" preserveaspectratio=\"none\"><path d=\"M500,2l25,98l-50,0l25,-98Z\" \/><\/svg><\/div><div class=\"kt-row-column-wrap kt-has-1-columns kt-row-layout-equal kt-tab-layout-inherit kt-mobile-layout-row kt-row-valign-middle\">\n<style>.kadence-column1150_7ce7fa-3d > .kt-inside-inner-col,.kadence-column1150_7ce7fa-3d > .kt-inside-inner-col:before{border-top-left-radius:0px;border-top-right-radius:0px;border-bottom-right-radius:0px;border-bottom-left-radius:0px;}.kadence-column1150_7ce7fa-3d > .kt-inside-inner-col{column-gap:var(--global-kb-gap-sm, 1rem);}.kadence-column1150_7ce7fa-3d > .kt-inside-inner-col{flex-direction:column;}.kadence-column1150_7ce7fa-3d > .kt-inside-inner-col > .aligncenter{width:100%;}.kadence-column1150_7ce7fa-3d > .kt-inside-inner-col:before{opacity:0.3;}.kadence-column1150_7ce7fa-3d{position:relative;}@media all and (max-width: 1024px){.kadence-column1150_7ce7fa-3d > .kt-inside-inner-col{flex-direction:column;}}@media all and (max-width: 767px){.kadence-column1150_7ce7fa-3d > .kt-inside-inner-col{flex-direction:column;}}<\/style>\n<div class=\"wp-block-kadence-column kadence-column1150_7ce7fa-3d inner-column-1\"><div class=\"kt-inside-inner-col\"><style>.kadence-column1150_2df2f5-d3 > .kt-inside-inner-col,.kadence-column1150_2df2f5-d3 > .kt-inside-inner-col:before{border-top-left-radius:0px;border-top-right-radius:0px;border-bottom-right-radius:0px;border-bottom-left-radius:0px;}.kadence-column1150_2df2f5-d3 > .kt-inside-inner-col{column-gap:var(--global-kb-gap-sm, 1rem);}.kadence-column1150_2df2f5-d3 > .kt-inside-inner-col{flex-direction:column;}.kadence-column1150_2df2f5-d3 > .kt-inside-inner-col > .aligncenter{width:100%;}.kadence-column1150_2df2f5-d3 > .kt-inside-inner-col:before{opacity:0.3;}.kadence-column1150_2df2f5-d3{position:relative;}@media all and (max-width: 1024px){.kadence-column1150_2df2f5-d3 > .kt-inside-inner-col{flex-direction:column;}}@media all and (max-width: 767px){.kadence-column1150_2df2f5-d3 > .kt-inside-inner-col{flex-direction:column;}}<\/style>\n<div class=\"wp-block-kadence-column kadence-column1150_2df2f5-d3\"><div class=\"kt-inside-inner-col\">\n<p>&#8230;<\/p>\n\n\n\n<p>..<\/p>\n<\/div><\/div>\n\n\n\n<h1 class=\"wp-block-heading has-text-align-center has-text-color\" style=\"color:#000000\">Flash temp\u00eate<\/h1>\n\n\n\n<p class=\"has-text-align-center has-text-color has-normal-font-size\" style=\"color:#000000\"><strong>Avec \u26a1\ufe0fFlash Temp\u00eate&nbsp;\u26a1\ufe0f, &nbsp;le studio&nbsp;photo simulateur de temp\u00eate, venez vous confronter aux sensations fortes d\u2019un bateau pris dans une mer d\u00e9chain\u00e9e,&nbsp;<br>sans aucuns risques!<\/strong><\/p>\n\n\n\n<p class=\"has-text-align-center has-text-color has-normal-font-size\" style=\"color:#000000\"><strong>Une attraction tout public,&nbsp;<br>o\u00f9 tout le monde&nbsp;peut participer aux effets&nbsp;sp\u00e9ciaux, en actionnant&nbsp;<br> vent, pluie,&nbsp;brume,&nbsp;vagues ou oiseaux.<\/strong><\/p>\n\n\n\n<p class=\"has-text-align-center has-text-color has-normal-font-size\" style=\"color:#000000\"><strong>Costumez-vous alors&nbsp;en&nbsp;p\u00eacheur.se, capitaine ou sir\u00e8ne,<br>avant de monter \u00e0&nbsp;votre&nbsp;tour dans l\u2019embarcation en p\u00e9ril et&nbsp;<br>d\u2019affronter les \u00e9l\u00e9ments marins!<\/strong><\/p>\n\n\n\n<p class=\"has-text-align-center has-text-color has-normal-font-size\" style=\"color:#000000\"><strong>Tout le monde repartira avec un superbe souvenir :<br>un joli tirage photo de cette navigation&nbsp;muscl\u00e9e.<\/strong><\/p>\n\n\n<div class=\"wp-block-image\">\n<figure class=\"aligncenter size-large is-resized\"><img decoding=\"async\" width=\"1024\" height=\"426\" src=\"http:\/\/lesoeils.fr\/wp-content\/uploads\/2025\/11\/tempImageLVjgEq-1024x426.jpg\" alt=\"\" class=\"wp-image-1165\" style=\"width:500px;height:auto\" srcset=\"http:\/\/lesoeils.fr\/wp-content\/uploads\/2025\/11\/tempImageLVjgEq-1024x426.jpg 1024w, http:\/\/lesoeils.fr\/wp-content\/uploads\/2025\/11\/tempImageLVjgEq-300x125.jpg 300w, http:\/\/lesoeils.fr\/wp-content\/uploads\/2025\/11\/tempImageLVjgEq-768x319.jpg 768w, http:\/\/lesoeils.fr\/wp-content\/uploads\/2025\/11\/tempImageLVjgEq-1536x638.jpg 1536w, http:\/\/lesoeils.fr\/wp-content\/uploads\/2025\/11\/tempImageLVjgEq-2048x851.jpg 2048w, http:\/\/lesoeils.fr\/wp-content\/uploads\/2025\/11\/tempImageLVjgEq-18x7.jpg 18w, http:\/\/lesoeils.fr\/wp-content\/uploads\/2025\/11\/tempImageLVjgEq-640x266.jpg 640w, http:\/\/lesoeils.fr\/wp-content\/uploads\/2025\/11\/tempImageLVjgEq-1200x499.jpg 1200w, http:\/\/lesoeils.fr\/wp-content\/uploads\/2025\/11\/tempImageLVjgEq-1920x798.jpg 1920w\" sizes=\"(max-width: 639px) 98vw, (max-width: 1199px) 64vw, 770px\" \/><\/figure><\/div>\n\n\n<p class=\"has-text-align-center\"><strong>_<\/strong><\/p>\n\n\n\n<p class=\"has-text-align-center has-text-color has-normal-font-size\" style=\"color:#000000\"><strong>Notre entresort marin en vid\u00e9o : <a href=\"https:\/\/youtu.be\/SOmcVTOdqS0\">https:\/\/youtu.be\/SOmcVTOdqS0<\/a><\/strong><\/p>\n\n\n\n<p class=\"has-text-align-center has-text-color has-normal-font-size\" style=\"color:#000000\">_<\/p>\n\n\n\n<figure class=\"wp-block-image size-large\"><img decoding=\"async\" width=\"1024\" height=\"1000\" src=\"http:\/\/lesoeils.fr\/wp-content\/uploads\/2025\/11\/light-IMG_3624-1024x1000.jpg\" alt=\"entresort marin maritime bateau\" class=\"wp-image-1168\" srcset=\"http:\/\/lesoeils.fr\/wp-content\/uploads\/2025\/11\/light-IMG_3624-1024x1000.jpg 1024w, http:\/\/lesoeils.fr\/wp-content\/uploads\/2025\/11\/light-IMG_3624-300x293.jpg 300w, http:\/\/lesoeils.fr\/wp-content\/uploads\/2025\/11\/light-IMG_3624-768x750.jpg 768w, http:\/\/lesoeils.fr\/wp-content\/uploads\/2025\/11\/light-IMG_3624-1536x1500.jpg 1536w, http:\/\/lesoeils.fr\/wp-content\/uploads\/2025\/11\/light-IMG_3624-12x12.jpg 12w, http:\/\/lesoeils.fr\/wp-content\/uploads\/2025\/11\/light-IMG_3624-640x625.jpg 640w, http:\/\/lesoeils.fr\/wp-content\/uploads\/2025\/11\/light-IMG_3624-1200x1172.jpg 1200w, http:\/\/lesoeils.fr\/wp-content\/uploads\/2025\/11\/light-IMG_3624.jpg 1920w\" sizes=\"(max-width: 639px) 98vw, (max-width: 1199px) 64vw, 770px\" \/><\/figure>\n<\/div><\/div>\n\n\n<style>.kadence-column1150_bb152c-01 > .kt-inside-inner-col,.kadence-column1150_bb152c-01 > .kt-inside-inner-col:before{border-top-left-radius:0px;border-top-right-radius:0px;border-bottom-right-radius:0px;border-bottom-left-radius:0px;}.kadence-column1150_bb152c-01 > .kt-inside-inner-col{column-gap:var(--global-kb-gap-sm, 1rem);}.kadence-column1150_bb152c-01 > .kt-inside-inner-col{flex-direction:column;}.kadence-column1150_bb152c-01 > .kt-inside-inner-col > .aligncenter{width:100%;}.kadence-column1150_bb152c-01 > .kt-inside-inner-col:before{opacity:0.3;}.kadence-column1150_bb152c-01{position:relative;}@media all and (max-width: 1024px){.kadence-column1150_bb152c-01 > .kt-inside-inner-col{flex-direction:column;}}@media all and (max-width: 767px){.kadence-column1150_bb152c-01 > .kt-inside-inner-col{flex-direction:column;}}<\/style>\n<div class=\"wp-block-kadence-column kadence-column1150_bb152c-01\"><div class=\"kt-inside-inner-col\">\n<figure class=\"wp-block-image size-large\"><img decoding=\"async\" width=\"1024\" height=\"680\" src=\"http:\/\/lesoeils.fr\/wp-content\/uploads\/2025\/11\/light-DSC_0060a-1024x680.jpg\" alt=\"\" class=\"wp-image-1167\" srcset=\"http:\/\/lesoeils.fr\/wp-content\/uploads\/2025\/11\/light-DSC_0060a-1024x680.jpg 1024w, http:\/\/lesoeils.fr\/wp-content\/uploads\/2025\/11\/light-DSC_0060a-300x199.jpg 300w, http:\/\/lesoeils.fr\/wp-content\/uploads\/2025\/11\/light-DSC_0060a-768x510.jpg 768w, http:\/\/lesoeils.fr\/wp-content\/uploads\/2025\/11\/light-DSC_0060a-18x12.jpg 18w, http:\/\/lesoeils.fr\/wp-content\/uploads\/2025\/11\/light-DSC_0060a-640x425.jpg 640w, http:\/\/lesoeils.fr\/wp-content\/uploads\/2025\/11\/light-DSC_0060a-1200x797.jpg 1200w, http:\/\/lesoeils.fr\/wp-content\/uploads\/2025\/11\/light-DSC_0060a.jpg 1417w\" sizes=\"(max-width: 639px) 98vw, (max-width: 1199px) 64vw, 770px\" \/><\/figure>\n<\/div><\/div>\n\n<\/div><\/header>","protected":false},"excerpt":{"rendered":"&#8230; .. Flash temp\u00eate Avec \u26a1\ufe0fFlash Temp\u00eate&nbsp;\u26a1\ufe0f, &nbsp;le studio&nbsp;photo simulateur de temp\u00eate, venez vous confronter aux sensations fortes d\u2019un bateau pris dans une mer d\u00e9chain\u00e9e,&nbsp;sans aucuns risques! Une attraction tout public,&nbsp;o\u00f9 tout le monde&nbsp;peut participer aux effets&nbsp;sp\u00e9ciaux, en actionnant&nbsp; vent, pluie,&nbsp;brume,&nbsp;vagues ou oiseaux. Costumez-vous alors&nbsp;en&nbsp;p\u00eacheur.se, capitaine ou sir\u00e8ne,avant de monter \u00e0&nbsp;votre&nbsp;tour dans l\u2019embarcation en p\u00e9ril [&hellip;]","protected":false},"author":3,"featured_media":0,"parent":0,"menu_order":0,"comment_status":"closed","ping_status":"closed","template":"page-templates\/pagepleine.php","meta":{"footnotes":""},"class_list":["post-1150","page","type-page","status-publish","hentry"],"_links":{"self":[{"href":"http:\/\/lesoeils.fr\/en\/wp-json\/wp\/v2\/pages\/1150","targetHints":{"allow":["GET"]}}],"collection":[{"href":"http:\/\/lesoeils.fr\/en\/wp-json\/wp\/v2\/pages"}],"about":[{"href":"http:\/\/lesoeils.fr\/en\/wp-json\/wp\/v2\/types\/page"}],"author":[{"embeddable":true,"href":"http:\/\/lesoeils.fr\/en\/wp-json\/wp\/v2\/users\/3"}],"replies":[{"embeddable":true,"href":"http:\/\/lesoeils.fr\/en\/wp-json\/wp\/v2\/comments?post=1150"}],"version-history":[{"count":11,"href":"http:\/\/lesoeils.fr\/en\/wp-json\/wp\/v2\/pages\/1150\/revisions"}],"predecessor-version":[{"id":1189,"href":"http:\/\/lesoeils.fr\/en\/wp-json\/wp\/v2\/pages\/1150\/revisions\/1189"}],"wp:attachment":[{"href":"http:\/\/lesoeils.fr\/en\/wp-json\/wp\/v2\/media?parent=1150"}],"curies":[{"name":"wp","href":"https:\/\/api.w.org\/{rel}","templated":true}]}}